{"id":3072,"date":"2017-06-15T15:22:14","date_gmt":"2017-06-15T14:22:14","guid":{"rendered":"https:\/\/alfa7.cz\/mil\/?page_id=3072"},"modified":"2021-02-03T17:05:25","modified_gmt":"2021-02-03T16:05:25","slug":"doplnky-k-modelum","status":"publish","type":"page","link":"https:\/\/alfa7.cz\/mil\/doplnky-k-modelum\/","title":{"rendered":"Dopl\u0148ky k model\u016fm"},"content":{"rendered":"<span class=\"span-reading-time rt-reading-time\" style=\"display: block;\"><span class=\"rt-label rt-prefix\">Doba \u010dten\u00ed: <\/span> <span class=\"rt-time\"> &lt; 1<\/span> <span class=\"rt-label rt-postfix\">min.<\/span><\/span><p>Prvn\u00ed obtisk jsem nakreslil v roce 2008, abych nahradil zni\u010den\u00fd ar\u0161\u00edk ze stavebnice. Od t\u00e9 doby jich m\u00e1m na kont\u011b o tro\u0161ku v\u00edce, v r\u016fzn\u00fdch m\u011b\u0159\u00edtk\u00e1ch a na r\u016fzn\u00e9 letouny, jak pro sebe, tak pro kamar\u00e1dy a zn\u00e1m\u00e9. V roce 2020 jsem k tomu p\u0159idal v\u00fdrobu st\u0159\u00edkac\u00edch masek, zejm\u00e9na na p\u0159edlohy, do kter\u00fdch se nikomu ze zaveden\u00fdch v\u00fdrobc\u016f nechce. Tak\u00e9 zkou\u0161\u00edm navrhovat a tisknout drobn\u00e9 dopl\u0148ky na 3d tisk\u00e1rn\u011b.<\/p>\n<p>Pro dal\u0161\u00ed podrobnosti pi\u0161te na adresu kits[zavin\u00e1\u010d]volny.cz<\/p>\n<hr \/>\n<p><a href=\"https:\/\/alfa7.cz\/mil\/obtisky\/\"> <img loading=\"lazy\" decoding=\"async\" class=\"alignnone  wp-image-6683\" src=\"https:\/\/alfa7.cz\/mil\/wp-content\/uploads\/2021\/02\/decal-300x211.png\" alt=\"\" width=\"301\" height=\"212\" srcset=\"https:\/\/alfa7.cz\/mil\/wp-content\/uploads\/2021\/02\/decal-300x211.png 300w, https:\/\/alfa7.cz\/mil\/wp-content\/uploads\/2021\/02\/decal-768x540.png 768w, https:\/\/alfa7.cz\/mil\/wp-content\/uploads\/2021\/02\/decal-100x70.png 100w, https:\/\/alfa7.cz\/mil\/wp-content\/uploads\/2021\/02\/decal-150x105.png 150w, https:\/\/alfa7.cz\/mil\/wp-content\/uploads\/2021\/02\/decal-200x141.png 200w, https:\/\/alfa7.cz\/mil\/wp-content\/uploads\/2021\/02\/decal-450x316.png 450w, https:\/\/alfa7.cz\/mil\/wp-content\/uploads\/2021\/02\/decal-600x422.png 600w, https:\/\/alfa7.cz\/mil\/wp-content\/uploads\/2021\/02\/decal.png 838w\" sizes=\"(max-width: 301px) 100vw, 301px\" \/><\/a><a href=\"https:\/\/alfa7.cz\/mil\/doplnky\/\"><img loading=\"lazy\" decoding=\"async\" class=\"alignnone  wp-image-6684\" src=\"https:\/\/alfa7.cz\/mil\/wp-content\/uploads\/2021\/02\/mask-300x256.png\" alt=\"\" width=\"247\" height=\"211\" srcset=\"https:\/\/alfa7.cz\/mil\/wp-content\/uploads\/2021\/02\/mask-300x256.png 300w, https:\/\/alfa7.cz\/mil\/wp-content\/uploads\/2021\/02\/mask-100x85.png 100w, https:\/\/alfa7.cz\/mil\/wp-content\/uploads\/2021\/02\/mask-150x128.png 150w, https:\/\/alfa7.cz\/mil\/wp-content\/uploads\/2021\/02\/mask-200x171.png 200w, https:\/\/alfa7.cz\/mil\/wp-content\/uploads\/2021\/02\/mask-450x385.png 450w, https:\/\/alfa7.cz\/mil\/wp-content\/uploads\/2021\/02\/mask-600x513.png 600w, https:\/\/alfa7.cz\/mil\/wp-content\/uploads\/2021\/02\/mask.png 689w\" sizes=\"(max-width: 247px) 100vw, 247px\" \/><\/a><\/p>\n<hr \/>\n<p>&nbsp;<\/p>\n","protected":false},"excerpt":{"rendered":"<p><span class=\"span-reading-time rt-reading-time\" style=\"display: block;\"><span class=\"rt-label rt-prefix\">Doba \u010dten\u00ed: <\/span> <span class=\"rt-time\"> &lt; 1<\/span> <span class=\"rt-label rt-postfix\">min.<\/span><\/span>Prvn\u00ed obtisk jsem nakreslil v roce 2008, abych nahradil zni\u010den\u00fd ar\u0161\u00edk ze stavebnice. Od t\u00e9 doby jich m\u00e1m na kont\u011b o tro\u0161ku v\u00edce, v r\u016fzn\u00fdch m\u011b\u0159\u00edtk\u00e1ch a na r\u016fzn\u00e9 letouny, jak pro sebe, tak pro kamar\u00e1dy a zn\u00e1m\u00e9. V roce<span class=\"ellipsis\">&hellip;<\/span><\/p>\n<div class=\"read-more\"><a href=\"https:\/\/alfa7.cz\/mil\/doplnky-k-modelum\/\">\u010c\u00edst d\u00e1le &#8250;<\/a><\/div>\n<p><!-- end of .read-more --><\/p>\n","protected":false},"author":1,"featured_media":0,"parent":0,"menu_order":0,"comment_status":"closed","ping_status":"closed","template":"","meta":{"footnotes":""},"_links":{"self":[{"href":"https:\/\/alfa7.cz\/mil\/wp-json\/wp\/v2\/pages\/3072"}],"collection":[{"href":"https:\/\/alfa7.cz\/mil\/wp-json\/wp\/v2\/pages"}],"about":[{"href":"https:\/\/alfa7.cz\/mil\/wp-json\/wp\/v2\/types\/page"}],"author":[{"embeddable":true,"href":"https:\/\/alfa7.cz\/mil\/wp-json\/wp\/v2\/users\/1"}],"replies":[{"embeddable":true,"href":"https:\/\/alfa7.cz\/mil\/wp-json\/wp\/v2\/comments?post=3072"}],"version-history":[{"count":174,"href":"https:\/\/alfa7.cz\/mil\/wp-json\/wp\/v2\/pages\/3072\/revisions"}],"predecessor-version":[{"id":6685,"href":"https:\/\/alfa7.cz\/mil\/wp-json\/wp\/v2\/pages\/3072\/revisions\/6685"}],"wp:attachment":[{"href":"https:\/\/alfa7.cz\/mil\/wp-json\/wp\/v2\/media?parent=3072"}],"curies":[{"name":"wp","href":"https:\/\/api.w.org\/{rel}","templated":true}]}}